{"id":95,"date":"2016-10-10T18:01:32","date_gmt":"2016-10-10T18:01:32","guid":{"rendered":"https:\/\/www.kosmetikschule-zuerich.ch\/?page_id=95"},"modified":"2024-09-28T09:34:00","modified_gmt":"2024-09-28T09:34:00","slug":"termine-anmeldung","status":"publish","type":"page","link":"https:\/\/www.kosmetikschule-zuerich.ch\/index.php\/termine-anmeldung\/","title":{"rendered":"Termine \/ Anmeldung"},"content":{"rendered":"<div style=\"height: 50px;\">\n<hr \/>\n<p><strong>Ausbildungsdaten 2024 Z\u00dcRICH<\/strong><br \/>\n11 Wochen Praxis Tagesausbildung<\/p>\n<\/div>\n<p><strong>Seminardauer:<\/strong> 3 Monate (11 Wochen)<\/p>\n<p><strong>Abschluss:<\/strong><br \/>\nNach erfolgreicher Absolvierung der Abschlusspr\u00fcfung wird dem Lehrgangsteilnehmer ein Diplom der Beauty Academy \u00fcberreicht!<\/p>\n<p><strong>Vorkenntnisse:<\/strong> sind nicht n\u00f6tig!<\/p>\n<p><strong>Kurszeiten:<\/strong><br \/>\n10:00 Uhr bis 16:00 Uhr Tagesschule<\/p>\n<p><strong>Preis:<\/strong><br \/>\n<strong>3750,00 CHF<\/strong><br \/>\n<strong style=\"color: red;\">3650.00*<\/strong> <strong>CHF<\/strong><\/p>\n<p>* Bei Bezahlung des gesamten Kurspreises (innert 14 Tagen nach Anmeldung), gew\u00e4hren wir einen Rabatt von CHF 100.- Ratenzahlung m\u00f6glich!<\/p>\n<p><strong>Ausbildungsdaten in Z\u00fcrich<\/strong><\/p>\n<p><span style=\"color: #ff0000;\">Winterferien\u00a0 \u00a0 \u00a0 (24.12.24 &#8211; 05.01.25)<br \/>\nSommerferien\u00a0 \u00a0(28.07.25 &#8211; 10.08.25)<br \/>\n<\/span><\/p>\n<table border=\"0\" width=\"100%\" cellspacing=\"1\" cellpadding=\"0\">\n<tbody>\n<tr>\n<td bgcolor=\"#999999\">\n<table style=\"width: 100%; height: 138px;\" border=\"0\" width=\"100%\" cellspacing=\"1\" cellpadding=\"5\">\n<tbody>\n<tr style=\"height: 46px;\" bgcolor=\"#999999\">\n<td style=\"width: 25%; height: 46px;\"><strong>Tagesschule (10.00 \u2013 16.00)<\/strong><\/td>\n<td style=\"width: 25%; height: 46px;\"><strong>Kursstart<\/strong><\/td>\n<td style=\"width: 25%; height: 46px;\"><strong>Kursende<\/strong><\/td>\n<td style=\"width: 25%; height: 46px;\"><strong>Preise<\/strong><\/td>\n<\/tr>\n<tr style=\"height: 23px;\" bgcolor=\"#ffffff\">\n<td style=\"width: 25%; height: 23px;\">11 x Sonntags<\/td>\n<td style=\"width: 25%; height: 23px;\">24.11.2024<\/td>\n<td style=\"width: 25%; height: 23px;\">16.02.2025<\/td>\n<td style=\"width: 25%; height: 23px;\">3750.-*<\/td>\n<\/tr>\n<tr style=\"height: 23px;\" bgcolor=\"#f5eded\">\n<td style=\"width: 25%; height: 23px;\">11 x Sonntags<\/td>\n<td style=\"width: 25%; height: 23px;\">23.02.2025<\/td>\n<td style=\"width: 25%; height: 23px;\">11.05.2025<\/td>\n<td style=\"width: 25%; height: 23px;\">3750.-*<\/td>\n<\/tr>\n<tr style=\"height: 23px;\" bgcolor=\"#ffffff\">\n<td style=\"width: 25%; height: 23px;\">11 x Sonntags<\/td>\n<td style=\"width: 25%; height: 23px;\">18.05.2025<\/td>\n<td style=\"width: 25%; height: 23px;\">17.08.2025<\/td>\n<td style=\"width: 25%; height: 23px;\">3750.-*<\/td>\n<\/tr>\n<tr style=\"height: 23px;\" bgcolor=\"#f5eded\">\n<td style=\"width: 25%; height: 23px;\">11 x Sonntags<\/td>\n<td style=\"width: 25%; height: 23px;\">24.08.2025<\/td>\n<td style=\"width: 25%; height: 23px;\">02.11.2025<\/td>\n<td style=\"width: 25%; height: 23px;\">3750.-*<\/td>\n<\/tr>\n<\/tbody>\n<\/table>\n<\/td>\n<\/tr>\n<\/tbody>\n<\/table>\n<table border=\"0\" width=\"100%\" cellspacing=\"1\" cellpadding=\"0\">\n<tbody>\n<tr>\n<td bgcolor=\"#999999\"><\/td>\n<\/tr>\n<\/tbody>\n<\/table>\n<h4><strong>Ausbildungskosten<\/strong><\/h4>\n<table border=\"0\" width=\"100%\" cellspacing=\"1\" cellpadding=\"0\">\n<tbody>\n<tr>\n<td bgcolor=\"#999999\">\n<table border=\"0\" width=\"100%\" cellspacing=\"1\" cellpadding=\"5\">\n<tbody>\n<tr bgcolor=\"#999999\">\n<td style=\"width: 75% !important;\"><strong>Bei Gesamtzahlung \/ 1 Variante<\/strong><\/td>\n<td style=\"width: 25% !important;\"><strong>Preise<\/strong><\/td>\n<\/tr>\n<tr bgcolor=\"#ffffff\">\n<td>Anzahlung bei Vertragsabschluss<\/td>\n<td>CHF 500.-<\/td>\n<\/tr>\n<tr bgcolor=\"#f5eded\">\n<td>Restbetrag (30 Tage vor Kursbeginn)<\/td>\n<td>CHF 3\u2019250.-<\/td>\n<\/tr>\n<tr bgcolor=\"#ffffff\">\n<td><strong>Total<\/strong><\/td>\n<td><strong>CHF 3\u2019750.-<\/strong><\/td>\n<\/tr>\n<tr bgcolor=\"#f5eded\">\n<td><strong>Total<\/strong><\/td>\n<td><strong style=\"color: red;\">CHF 3\u2019650.-*<\/strong><\/td>\n<\/tr>\n<tr bgcolor=\"#f5eded\">\n<td colspan=\"2\">* Bei Bezahlung des gesamten Kurspreises (innert 14 Tagen nach Anmeldung), gew\u00e4hren wir einen <strong>Rabatt von CHF 100.-<\/strong><\/td>\n<\/tr>\n<tr bgcolor=\"#999999\">\n<td style=\"width: 75% !important;\"><strong>Bei Ratenzahlung \/ 2 Variante<\/strong><\/td>\n<td style=\"width: 25% !important;\"><strong>Preise<\/strong><\/td>\n<\/tr>\n<tr bgcolor=\"#ffffff\">\n<td>Anzahlung bei Vertragsabschluss<\/td>\n<td>CHF 500.-<\/td>\n<\/tr>\n<tr bgcolor=\"#f5eded\">\n<td>Bezahlung von 3 Monatsraten \u00e0<\/td>\n<td>CHF 1207.\u2013*<\/td>\n<\/tr>\n<tr bgcolor=\"#ffffff\">\n<td><strong>Total<\/strong><\/td>\n<td><strong>CHF 4\u2019120.-.-<\/strong><\/td>\n<\/tr>\n<tr bgcolor=\"#ffffff\">\n<td colspan=\"2\">* Bei Ratenzahlung des Kurspreises, ist die 1. Rate bei Kursbeginn f\u00e4llig. <strong>Die letzte Rate ist bis zum Kursabschluss zu bezahlen.<\/strong><\/td>\n<\/tr>\n<\/tbody>\n<\/table>\n<\/td>\n<\/tr>\n<\/tbody>\n<\/table>\n<hr \/>\n<div style=\"height: 50px;\"><\/div>\n<p><strong>Ausbildungsdaten 2024<\/strong><br \/>\n<span style=\"color: #0000ff;\"><strong>2 Monate medizinische Kosmetikausbildung\u00a0 \u00a0<span style=\"color: #ff0000;\">NEU<\/span><\/strong><\/span><\/p>\n<p><strong>Seminardauer:<\/strong>\u00a02 Monate<\/p>\n<p><strong>Abschluss:<\/strong><br \/>\nNach erfolgreicher Absolvierung der Abschlusspr\u00fcfung wird dem Lehrgangsteilnehmer ein Diplom als Kosmetik-Therapeutin der Fachakademie f\u00fcr medizinische \u00e4sthetische Kosmetikausbildung\u00a0\u00fcberreicht!<\/p>\n<p><strong>Vorkenntnisse:<\/strong><br \/>\nPersonen mit Vorkenntnissen und Erfahrungen aus den Bereichen Medizin, Pharma, Gesundheit oder Ausbildung als Kosmetikerin.<\/p>\n<p><strong>Kurszeiten:<\/strong><br \/>\n10:00 Uhr bis 16:00 Uhr<\/p>\n<p><strong>Preis:<\/strong><br \/>\n<strong>3490,00 CHF<\/strong><br \/>\n<strong style=\"color: red;\">3390.00*<\/strong> <strong>CHF<\/strong><\/p>\n<p><span style=\"color: #ff0000;\">*<\/span> Bei Bezahlung des gesamten Kurspreises (innert 14 Tagen nach Anmeldung), gew\u00e4hren wir einen Rabatt von CHF 100.- Ratenzahlung m\u00f6glich!<\/p>\n<p><span style=\"color: #ff0000;\">Winterferien\u00a0 \u00a0 \u00a0 (24.12.24 &#8211; 05.01.25)<br \/>\nSommerferien\u00a0 \u00a0(28.07.25 &#8211; 10.08.25)<\/span><\/p>\n<table border=\"0\" width=\"100%\" cellspacing=\"1\" cellpadding=\"0\">\n<tbody>\n<tr>\n<td bgcolor=\"#999999\">\n<table border=\"0\" width=\"100%\" cellspacing=\"1\" cellpadding=\"5\">\n<tbody>\n<tr bgcolor=\"#999999\">\n<td style=\"width: 33% !important;\"><strong>Kursstart<\/strong><\/td>\n<td style=\"width: 33% !important;\"><strong>Kursstart in Z\u00fcrich<\/strong><\/td>\n<td style=\"width: 33% !important;\"><strong>Kursstart in Bern<\/strong><\/td>\n<\/tr>\n<tr bgcolor=\"#ffffff\">\n<td>Sonntags<\/td>\n<td>13.10.2024 &#8211; 24.11.2024<br \/>\n01.12.2024 &#8211; 26.01.2025<br \/>\n02.02.2025 &#8211; 16.03.2025<br \/>\n23.03.2025 &#8211; 11.05.2025<br \/>\n18.05.2025 &#8211; 06.07.2025<br \/>\n13.07.2025 &#8211; 07.09.2025<br \/>\n14.09.2025 &#8211; 26.10.2025<br \/>\n02.11.2025 &#8211; 14.12.2025<br \/>\n21.12.2025 &#8211;<\/td>\n<td>&#8212;&#8212;&#8212;&#8212;&#8212;<\/td>\n<\/tr>\n<tr bgcolor=\"#f5eded\">\n<td><\/td>\n<td><\/td>\n<td><\/td>\n<\/tr>\n<\/tbody>\n<\/table>\n<\/td>\n<\/tr>\n<\/tbody>\n<\/table>\n<p><strong><br \/>\nAusbildungskosten<\/strong><\/p>\n<table border=\"0\" width=\"100%\" cellspacing=\"1\" cellpadding=\"0\">\n<tbody>\n<tr>\n<td bgcolor=\"#999999\">\n<table border=\"0\" width=\"100%\" cellspacing=\"1\" cellpadding=\"5\">\n<tbody>\n<tr bgcolor=\"#999999\">\n<td style=\"width: 75% !important;\"><strong>Gesamtzahlung<\/strong><\/td>\n<td style=\"width: 25% !important;\"><strong>Preise<\/strong><\/td>\n<\/tr>\n<tr bgcolor=\"#ffffff\">\n<td>Anzahlung bei Vertragsabschluss<\/td>\n<td>CHF 800.-<\/td>\n<\/tr>\n<tr bgcolor=\"#f5eded\">\n<td>Restbetrag (30 Tage vor Kursbeginn)<\/td>\n<td>CHF 2\u2019690.-<\/td>\n<\/tr>\n<tr bgcolor=\"#ffffff\">\n<td>Diplompr\u00fcfung<\/td>\n<td>CHF 100.-<\/td>\n<\/tr>\n<tr bgcolor=\"#f5eded\">\n<td colspan=\"2\">* Bei Bezahlung des gesamten Kurspreises (innert 14 Tagen nach Anmeldung), gew\u00e4hren wir einen Rabatt von CHF 100.-<\/td>\n<\/tr>\n<tr bgcolor=\"#999999\">\n<td style=\"width: 75% !important;\"><strong>Ratenzahlung<\/strong><\/td>\n<td style=\"width: 25% !important;\"><strong>Preise<\/strong><\/td>\n<\/tr>\n<tr bgcolor=\"#ffffff\">\n<td>Anzahlung bei Vertragsabschluss<\/td>\n<td>CHF 800.-<\/td>\n<\/tr>\n<tr bgcolor=\"#f5eded\">\n<td>Bezahlung von 2 Raten \u00e0<\/td>\n<td>CHF 1\u2019520.- *<\/td>\n<\/tr>\n<tr bgcolor=\"#ffffff\">\n<td>Diplompr\u00fcfung<\/td>\n<td>CHF 100.-<\/td>\n<\/tr>\n<tr bgcolor=\"#f5eded\">\n<td colspan=\"2\">* Bei Ratenzahlung des Kurspreises, ist die 1. Rate bei Kursbeginn f\u00e4llig. Die letzte Rate ist bis zum Kursabschluss zu bezahlen.<\/td>\n<\/tr>\n<\/tbody>\n<\/table>\n<\/td>\n<\/tr>\n<\/tbody>\n<\/table>\n<p><strong>Hiermit melde ich mich definitiv und verbindlich f\u00fcr folgendes Seminar an:<\/strong><\/p>\n\n<div class=\"wpcf7 no-js\" id=\"wpcf7-f140-o1\" lang=\"en-US\" dir=\"ltr\" data-wpcf7-id=\"140\">\n<div class=\"screen-reader-response\"><p role=\"status\" aria-live=\"polite\" aria-atomic=\"true\"><\/p> <ul><\/ul><\/div>\n<form action=\"\/index.php\/wp-json\/wp\/v2\/pages\/95#wpcf7-f140-o1\" method=\"post\" class=\"wpcf7-form init\" aria-label=\"Contact form\" enctype=\"multipart\/form-data\" novalidate=\"novalidate\" data-status=\"init\">\n<fieldset class=\"hidden-fields-container\"><input type=\"hidden\" name=\"_wpcf7\" value=\"140\" \/><input type=\"hidden\" name=\"_wpcf7_version\" value=\"6.1.6\" \/><input type=\"hidden\" name=\"_wpcf7_locale\" value=\"en_US\" \/><input type=\"hidden\" name=\"_wpcf7_unit_tag\" value=\"wpcf7-f140-o1\" \/><input type=\"hidden\" name=\"_wpcf7_container_post\" value=\"0\" \/><input type=\"hidden\" name=\"_wpcf7_posted_data_hash\" value=\"\" \/>\n<\/fieldset>\n<div class=\"registration-grid\">\n\t<div>\n\t\t<p>Seminar-Typ: <sup>*<\/sup>\n\t\t<\/p>\n\t<\/div>\n\t<div>\n\t\t<p><span class=\"wpcf7-form-control-wrap\" data-name=\"menu-27\"><select class=\"wpcf7-form-control wpcf7-select wpcf7-validates-as-required\" aria-required=\"true\" aria-invalid=\"false\" name=\"menu-27\"><option value=\"6 Monate Kosmetikausbildung\">6 Monate Kosmetikausbildung<\/option><option value=\"11 Wochen Praxis Tagesausbildung\">11 Wochen Praxis Tagesausbildung<\/option><option value=\"2 Monate Medizinische Kosmetikausbildung\">2 Monate Medizinische Kosmetikausbildung<\/option><\/select><\/span>\n\t\t<\/p>\n\t<\/div>\n\t<div>\n\t\t<p>Seminarort: <sup>*<\/sup>\n\t\t<\/p>\n\t<\/div>\n\t<div>\n\t\t<p><span class=\"wpcf7-form-control-wrap\" data-name=\"menu-28\"><select class=\"wpcf7-form-control wpcf7-select wpcf7-validates-as-required\" aria-required=\"true\" aria-invalid=\"false\" name=\"menu-28\"><option value=\"Z\u00fcrich\">Z\u00fcrich<\/option><option value=\"Wil SG\">Wil SG<\/option><option value=\"Bern\">Bern<\/option><\/select><\/span>\n\t\t<\/p>\n\t<\/div>\n\t<div>\n\t\t<p>Wunschdatum: <sup>*<\/sup>\n\t\t<\/p>\n\t<\/div>\n\t<div>\n\t\t<p><span class=\"wpcf7-form-control-wrap\" data-name=\"date-preference\"><input class=\"wpcf7-form-control wpcf7-date wpcf7-validates-as-required wpcf7-validates-as-date\" aria-required=\"true\" aria-invalid=\"false\" value=\"\" type=\"date\" name=\"date-preference\" \/><\/span>\n\t\t<\/p>\n\t<\/div>\n\t<div>\n\t\t<p>Ausweichdatum: <sup>*<\/sup>\n\t\t<\/p>\n\t<\/div>\n\t<div>\n\t\t<p><span class=\"wpcf7-form-control-wrap\" data-name=\"date-alternative\"><input class=\"wpcf7-form-control wpcf7-date wpcf7-validates-as-required wpcf7-validates-as-date\" aria-required=\"true\" aria-invalid=\"false\" value=\"\" type=\"date\" name=\"date-alternative\" \/><\/span>\n\t\t<\/p>\n\t<\/div>\n\t<div>\n\t\t<p>Anrede: <sup>*<\/sup>\n\t\t<\/p>\n\t<\/div>\n\t<div>\n\t\t<p><span class=\"wpcf7-form-control-wrap\" data-name=\"menu-232\"><select class=\"wpcf7-form-control wpcf7-select wpcf7-validates-as-required\" aria-required=\"true\" aria-invalid=\"false\" name=\"menu-232\"><option value=\"Frau\">Frau<\/option><option value=\"Herr\">Herr<\/option><\/select><\/span>\n\t\t<\/p>\n\t<\/div>\n\t<div>\n\t\t<p>Vorname: <sup>*<\/sup>\n\t\t<\/p>\n\t<\/div>\n\t<div>\n\t\t<p><span class=\"wpcf7-form-control-wrap\" data-name=\"vorname\"><input size=\"40\" maxlength=\"400\" class=\"wpcf7-form-control wpcf7-text wpcf7-validates-as-required\" aria-required=\"true\" aria-invalid=\"false\" value=\"\" type=\"text\" name=\"vorname\" \/><\/span>\n\t\t<\/p>\n\t<\/div>\n\t<div>\n\t\t<p>Nachname: <sup>*<\/sup>\n\t\t<\/p>\n\t<\/div>\n\t<div>\n\t\t<p><span class=\"wpcf7-form-control-wrap\" data-name=\"nachname\"><input size=\"40\" maxlength=\"400\" class=\"wpcf7-form-control wpcf7-text wpcf7-validates-as-required\" aria-required=\"true\" aria-invalid=\"false\" value=\"\" type=\"text\" name=\"nachname\" \/><\/span>\n\t\t<\/p>\n\t<\/div>\n\t<div>\n\t\t<p>Geburtsdatum: <sup>*<\/sup>\n\t\t<\/p>\n\t<\/div>\n\t<div>\n\t\t<p><span class=\"wpcf7-form-control-wrap\" data-name=\"date-birth\"><input class=\"wpcf7-form-control wpcf7-date wpcf7-validates-as-required wpcf7-validates-as-date\" aria-required=\"true\" aria-invalid=\"false\" value=\"\" type=\"date\" name=\"date-birth\" \/><\/span>\n\t\t<\/p>\n\t<\/div>\n\t<div>\n\t\t<p>Strasse:\n\t\t<\/p>\n\t<\/div>\n\t<div>\n\t\t<p><span class=\"wpcf7-form-control-wrap\" data-name=\"strasse\"><input size=\"40\" maxlength=\"400\" class=\"wpcf7-form-control wpcf7-text\" aria-invalid=\"false\" value=\"\" type=\"text\" name=\"strasse\" \/><\/span>\n\t\t<\/p>\n\t<\/div>\n\t<div>\n\t\t<p>Postleitzahl:\n\t\t<\/p>\n\t<\/div>\n\t<div>\n\t\t<p><span class=\"wpcf7-form-control-wrap\" data-name=\"postleitzahl\"><input size=\"40\" maxlength=\"400\" class=\"wpcf7-form-control wpcf7-text\" aria-invalid=\"false\" value=\"\" type=\"text\" name=\"postleitzahl\" \/><\/span>\n\t\t<\/p>\n\t<\/div>\n\t<div>\n\t\t<p>Ort:\n\t\t<\/p>\n\t<\/div>\n\t<div>\n\t\t<p><span class=\"wpcf7-form-control-wrap\" data-name=\"wohnort\"><input size=\"40\" maxlength=\"400\" class=\"wpcf7-form-control wpcf7-text\" aria-invalid=\"false\" value=\"\" type=\"text\" name=\"wohnort\" \/><\/span>\n\t\t<\/p>\n\t<\/div>\n\t<div>\n\t\t<p>Handy-Nummer: <sup>*<\/sup>\n\t\t<\/p>\n\t<\/div>\n\t<div>\n\t\t<p><span class=\"wpcf7-form-control-wrap\" data-name=\"telefon\"><input size=\"40\" maxlength=\"400\" class=\"wpcf7-form-control wpcf7-text wpcf7-validates-as-required\" aria-required=\"true\" aria-invalid=\"false\" value=\"\" type=\"text\" name=\"telefon\" \/><\/span>\n\t\t<\/p>\n\t<\/div>\n\t<div>\n\t\t<p>Email: <sup>*<\/sup>\n\t\t<\/p>\n\t<\/div>\n\t<div>\n\t\t<p><span class=\"wpcf7-form-control-wrap\" data-name=\"your-email\"><input size=\"40\" maxlength=\"400\" class=\"wpcf7-form-control wpcf7-email wpcf7-validates-as-required wpcf7-text wpcf7-validates-as-email\" aria-required=\"true\" aria-invalid=\"false\" value=\"\" type=\"email\" name=\"your-email\" \/><\/span>\n\t\t<\/p>\n\t<\/div>\n\t<div>\n\t\t<p>Ausweisdokument: <sup>*<\/sup><br \/>\n<span style=\"font-size: .8rem;\">(Max. Dateigr\u00f6sse: 10MB)<\/span>\n\t\t<\/p>\n\t<\/div>\n\t<div>\n\t\t<p><span class=\"wpcf7-form-control-wrap\" data-name=\"identity\"><input size=\"40\" class=\"wpcf7-form-control wpcf7-file wpcf7-validates-as-required\" accept=\".jpg,.jpeg,.png,.pdf\" aria-required=\"true\" aria-invalid=\"false\" type=\"file\" name=\"identity\" \/><\/span>\n\t\t<\/p>\n\t<\/div>\n<\/div>\n<div>\n\t<div>\n\t\t<p><span class=\"wpcf7-form-control-wrap\" data-name=\"terms\"><span class=\"wpcf7-form-control wpcf7-acceptance\"><span class=\"wpcf7-list-item\"><label><input type=\"checkbox\" name=\"terms\" value=\"1\" aria-invalid=\"false\" \/><span class=\"wpcf7-list-item-label\">Ich habe die <a href=\"https:\/\/www.kosmetikschule-zuerich.ch\/index.php\/agb\/\">AGB<\/a> gelesen, akzeptiere diese und melde mich hiermit definitiv und verbindlich f\u00fcr diese Ausbildung an.<\/span><\/label><\/span><\/span><\/span>\n\t\t<\/p>\n\t<\/div>\n\t<div>\n\t\t<p><input class=\"wpcf7-form-control wpcf7-submit has-spinner\" type=\"submit\" value=\"Kostenpflichtig anmelden\" \/>\n\t\t<\/p>\n\t<\/div>\n\t<div>\n\t\t<p><sup>*<\/sup> Diese Felder m\u00fcssen ausgef\u00fcllt werden.\n\t\t<\/p>\n\t<\/div>\n<\/div><div class=\"wpcf7-response-output\" aria-hidden=\"true\"><\/div>\n<\/form>\n<\/div>\n\n","protected":false},"excerpt":{"rendered":"<p>Ausbildungsdaten 2024 Z\u00dcRICH 11 Wochen Praxis Tagesausbildung Seminardauer: 3 Monate (11 Wochen) Abschluss: Nach erfolgreicher Absolvierung der Abschlusspr\u00fcfung wird dem Lehrgangsteilnehmer ein Diplom der Beauty Academy \u00fcberreicht! Vorkenntnisse: sind nicht n\u00f6tig! Kurszeiten: 10:00 Uhr bis 16:00 Uhr Tagesschule Preis: 3750,00 CHF 3650.00* CHF * Bei Bezahlung des gesamten Kurspreises (innert 14 Tagen nach Anmeldung), gew\u00e4hren &hellip; <a href=\"https:\/\/www.kosmetikschule-zuerich.ch\/index.php\/termine-anmeldung\/\" class=\"more-link\">Continue reading<span class=\"screen-reader-text\"> &#171;Termine \/ Anmeldung&#187;<\/span><\/a><\/p>\n","protected":false},"author":1,"featured_media":0,"parent":0,"menu_order":0,"comment_status":"closed","ping_status":"closed","template":"","meta":{"footnotes":""},"class_list":["post-95","page","type-page","status-publish","hentry"],"yoast_head":"<!-- This site is optimized with the Yoast SEO plugin v27.6 - https:\/\/yoast.com\/product\/yoast-seo-wordpress\/ -->\n<title>Termine \/ Anmeldung - Kosmetik Fachschule Bern, Z\u00fcrich, Wil<\/title>\n<meta name=\"robots\" content=\"index, follow, max-snippet:-1, max-image-preview:large, max-video-preview:-1\" \/>\n<link rel=\"canonical\" href=\"https:\/\/www.kosmetikschule-zuerich.ch\/index.php\/termine-anmeldung\/\" \/>\n<meta property=\"og:locale\" content=\"de_DE\" \/>\n<meta property=\"og:type\" content=\"article\" \/>\n<meta property=\"og:title\" content=\"Termine \/ Anmeldung - Kosmetik Fachschule Bern, Z\u00fcrich, Wil\" \/>\n<meta property=\"og:description\" content=\"Ausbildungsdaten 2024 Z\u00dcRICH 11 Wochen Praxis Tagesausbildung Seminardauer: 3 Monate (11 Wochen) Abschluss: Nach erfolgreicher Absolvierung der Abschlusspr\u00fcfung wird dem Lehrgangsteilnehmer ein Diplom der Beauty Academy \u00fcberreicht! Vorkenntnisse: sind nicht n\u00f6tig! Kurszeiten: 10:00 Uhr bis 16:00 Uhr Tagesschule Preis: 3750,00 CHF 3650.00* CHF * Bei Bezahlung des gesamten Kurspreises (innert 14 Tagen nach Anmeldung), gew\u00e4hren &hellip; Continue reading &quot;Termine \/ Anmeldung&quot;\" \/>\n<meta property=\"og:url\" content=\"https:\/\/www.kosmetikschule-zuerich.ch\/index.php\/termine-anmeldung\/\" \/>\n<meta property=\"og:site_name\" content=\"Kosmetik Fachschule Bern, Z\u00fcrich, Wil\" \/>\n<meta property=\"article:modified_time\" content=\"2024-09-28T09:34:00+00:00\" \/>\n<meta name=\"twitter:card\" content=\"summary_large_image\" \/>\n<meta name=\"twitter:label1\" content=\"Gesch\u00e4tzte Lesezeit\" \/>\n\t<meta name=\"twitter:data1\" content=\"3\u00a0Minuten\" \/>\n<script type=\"application\/ld+json\" class=\"yoast-schema-graph\">{\"@context\":\"https:\\\/\\\/schema.org\",\"@graph\":[{\"@type\":\"WebPage\",\"@id\":\"https:\\\/\\\/www.kosmetikschule-zuerich.ch\\\/index.php\\\/termine-anmeldung\\\/\",\"url\":\"https:\\\/\\\/www.kosmetikschule-zuerich.ch\\\/index.php\\\/termine-anmeldung\\\/\",\"name\":\"Termine \\\/ Anmeldung - Kosmetik Fachschule Bern, Z\u00fcrich, Wil\",\"isPartOf\":{\"@id\":\"https:\\\/\\\/www.kosmetikschule-zuerich.ch\\\/#website\"},\"datePublished\":\"2016-10-10T18:01:32+00:00\",\"dateModified\":\"2024-09-28T09:34:00+00:00\",\"breadcrumb\":{\"@id\":\"https:\\\/\\\/www.kosmetikschule-zuerich.ch\\\/index.php\\\/termine-anmeldung\\\/#breadcrumb\"},\"inLanguage\":\"de-CH\",\"potentialAction\":[{\"@type\":\"ReadAction\",\"target\":[\"https:\\\/\\\/www.kosmetikschule-zuerich.ch\\\/index.php\\\/termine-anmeldung\\\/\"]}]},{\"@type\":\"BreadcrumbList\",\"@id\":\"https:\\\/\\\/www.kosmetikschule-zuerich.ch\\\/index.php\\\/termine-anmeldung\\\/#breadcrumb\",\"itemListElement\":[{\"@type\":\"ListItem\",\"position\":1,\"name\":\"Startseite\",\"item\":\"https:\\\/\\\/www.kosmetikschule-zuerich.ch\\\/\"},{\"@type\":\"ListItem\",\"position\":2,\"name\":\"Termine \\\/ Anmeldung\"}]},{\"@type\":\"WebSite\",\"@id\":\"https:\\\/\\\/www.kosmetikschule-zuerich.ch\\\/#website\",\"url\":\"https:\\\/\\\/www.kosmetikschule-zuerich.ch\\\/\",\"name\":\"Kosmetik Fachschule Bern, Z\u00fcrich, Wil\",\"description\":\"Kosmetikausbildung in Bern, Z\u00fcrich, Wil ab CHF 3490.-\",\"potentialAction\":[{\"@type\":\"SearchAction\",\"target\":{\"@type\":\"EntryPoint\",\"urlTemplate\":\"https:\\\/\\\/www.kosmetikschule-zuerich.ch\\\/?s={search_term_string}\"},\"query-input\":{\"@type\":\"PropertyValueSpecification\",\"valueRequired\":true,\"valueName\":\"search_term_string\"}}],\"inLanguage\":\"de-CH\"}]}<\/script>\n<!-- \/ Yoast SEO plugin. -->","yoast_head_json":{"title":"Termine \/ Anmeldung - Kosmetik Fachschule Bern, Z\u00fcrich, Wil","robots":{"index":"index","follow":"follow","max-snippet":"max-snippet:-1","max-image-preview":"max-image-preview:large","max-video-preview":"max-video-preview:-1"},"canonical":"https:\/\/www.kosmetikschule-zuerich.ch\/index.php\/termine-anmeldung\/","og_locale":"de_DE","og_type":"article","og_title":"Termine \/ Anmeldung - Kosmetik Fachschule Bern, Z\u00fcrich, Wil","og_description":"Ausbildungsdaten 2024 Z\u00dcRICH 11 Wochen Praxis Tagesausbildung Seminardauer: 3 Monate (11 Wochen) Abschluss: Nach erfolgreicher Absolvierung der Abschlusspr\u00fcfung wird dem Lehrgangsteilnehmer ein Diplom der Beauty Academy \u00fcberreicht! Vorkenntnisse: sind nicht n\u00f6tig! Kurszeiten: 10:00 Uhr bis 16:00 Uhr Tagesschule Preis: 3750,00 CHF 3650.00* CHF * Bei Bezahlung des gesamten Kurspreises (innert 14 Tagen nach Anmeldung), gew\u00e4hren &hellip; Continue reading \"Termine \/ Anmeldung\"","og_url":"https:\/\/www.kosmetikschule-zuerich.ch\/index.php\/termine-anmeldung\/","og_site_name":"Kosmetik Fachschule Bern, Z\u00fcrich, Wil","article_modified_time":"2024-09-28T09:34:00+00:00","twitter_card":"summary_large_image","twitter_misc":{"Gesch\u00e4tzte Lesezeit":"3\u00a0Minuten"},"schema":{"@context":"https:\/\/schema.org","@graph":[{"@type":"WebPage","@id":"https:\/\/www.kosmetikschule-zuerich.ch\/index.php\/termine-anmeldung\/","url":"https:\/\/www.kosmetikschule-zuerich.ch\/index.php\/termine-anmeldung\/","name":"Termine \/ Anmeldung - Kosmetik Fachschule Bern, Z\u00fcrich, Wil","isPartOf":{"@id":"https:\/\/www.kosmetikschule-zuerich.ch\/#website"},"datePublished":"2016-10-10T18:01:32+00:00","dateModified":"2024-09-28T09:34:00+00:00","breadcrumb":{"@id":"https:\/\/www.kosmetikschule-zuerich.ch\/index.php\/termine-anmeldung\/#breadcrumb"},"inLanguage":"de-CH","potentialAction":[{"@type":"ReadAction","target":["https:\/\/www.kosmetikschule-zuerich.ch\/index.php\/termine-anmeldung\/"]}]},{"@type":"BreadcrumbList","@id":"https:\/\/www.kosmetikschule-zuerich.ch\/index.php\/termine-anmeldung\/#breadcrumb","itemListElement":[{"@type":"ListItem","position":1,"name":"Startseite","item":"https:\/\/www.kosmetikschule-zuerich.ch\/"},{"@type":"ListItem","position":2,"name":"Termine \/ Anmeldung"}]},{"@type":"WebSite","@id":"https:\/\/www.kosmetikschule-zuerich.ch\/#website","url":"https:\/\/www.kosmetikschule-zuerich.ch\/","name":"Kosmetik Fachschule Bern, Z\u00fcrich, Wil","description":"Kosmetikausbildung in Bern, Z\u00fcrich, Wil ab CHF 3490.-","potentialAction":[{"@type":"SearchAction","target":{"@type":"EntryPoint","urlTemplate":"https:\/\/www.kosmetikschule-zuerich.ch\/?s={search_term_string}"},"query-input":{"@type":"PropertyValueSpecification","valueRequired":true,"valueName":"search_term_string"}}],"inLanguage":"de-CH"}]}},"_links":{"self":[{"href":"https:\/\/www.kosmetikschule-zuerich.ch\/index.php\/wp-json\/wp\/v2\/pages\/95","targetHints":{"allow":["GET"]}}],"collection":[{"href":"https:\/\/www.kosmetikschule-zuerich.ch\/index.php\/wp-json\/wp\/v2\/pages"}],"about":[{"href":"https:\/\/www.kosmetikschule-zuerich.ch\/index.php\/wp-json\/wp\/v2\/types\/page"}],"author":[{"embeddable":true,"href":"https:\/\/www.kosmetikschule-zuerich.ch\/index.php\/wp-json\/wp\/v2\/users\/1"}],"replies":[{"embeddable":true,"href":"https:\/\/www.kosmetikschule-zuerich.ch\/index.php\/wp-json\/wp\/v2\/comments?post=95"}],"version-history":[{"count":100,"href":"https:\/\/www.kosmetikschule-zuerich.ch\/index.php\/wp-json\/wp\/v2\/pages\/95\/revisions"}],"predecessor-version":[{"id":783,"href":"https:\/\/www.kosmetikschule-zuerich.ch\/index.php\/wp-json\/wp\/v2\/pages\/95\/revisions\/783"}],"wp:attachment":[{"href":"https:\/\/www.kosmetikschule-zuerich.ch\/index.php\/wp-json\/wp\/v2\/media?parent=95"}],"curies":[{"name":"wp","href":"https:\/\/api.w.org\/{rel}","templated":true}]}}