{"id":9,"date":"2016-09-28T09:15:57","date_gmt":"2016-09-28T09:15:57","guid":{"rendered":"https:\/\/www.kosmetikschule-zuerich.ch\/?page_id=9"},"modified":"2025-05-12T16:56:22","modified_gmt":"2025-05-12T16:56:22","slug":"lageplan","status":"publish","type":"page","link":"https:\/\/www.kosmetikschule-zuerich.ch\/index.php\/lageplan\/","title":{"rendered":"Lageplan"},"content":{"rendered":"<h1>Ihre Kosmetikschule in den Kantonen Z\u00fcrich, St. Gallen und Bern<\/h1>\n<p>Wenn Sie Interesse an einer Fachausbildung oder Weiterbildung in unserer <strong>Kosmetikschule<\/strong> haben, freuen wir uns, Sie in <strong>St. Gallen, Z\u00fcrich und Bern<\/strong> willkommen zu heissen. Damit Sie uns dort auch erreichen \u2013 sei es pers\u00f6nlich vor Ort oder telefonisch bzw. per E-Mail \u2013 m\u00f6chten wir Ihnen hier gerne die M\u00f6glichkeit geben, die f\u00fcr Sie am besten geeignete Fachschule zu entdecken. Welcher Standort liegt Ihrem Wohnort am n\u00e4chsten? Zu welchen Uhrzeiten k\u00f6nnen Sie uns erreichen? Nachfolgend erfahren Sie mehr!<\/p>\n<p style=\"padding-bottom: 30px;\">Ob berufsbegleitende kosmetische Ausbildung, sechsmonatige Ausbildung zur Kosmetikerin oder medizinische Kosmetikausbildung \u2013 eines vorweg: Auch wenn der Hauptsitz unserer Kosmetikschule in Z\u00fcrich liegt, stehen die Angebote an den Standorten in St. Gallen und Bern dem in Z\u00fcrich in nichts nach. In jedem der genannten Kantone k\u00f6nnen Sie die gleichen Kurse absolvieren und sich auf geballte Kompetenz verlassen. Alle unsere Ausbilder\/innen verf\u00fcgen \u00fcber breit gef\u00e4cherte und ebenso tiefgehende Fachkenntnisse, Branchenerfahrungen, Motivation und Qualifikationen. Zudem gibt es keine Unterschiede in den Lehr- und Ausbildungspl\u00e4nen, sodass der Abschluss \u00fcberall derselbe ist.<\/p>\n<div class=\"div30\"><strong>Kosmetik Fachschule<\/strong><br \/>\nBeauty Academy<br \/>\nAltstetterstr. 186<br \/>\n8048 Z\u00fcrich<\/div>\n<div class=\"div30\">\n<p>F\u00fcr Fragen stehen wir Ihnen gerne zur Verf\u00fcgung:<\/p>\n<p>Montag 10.00-12.00 13.00-17.00<br \/>\nDienstag Geschlossen<br \/>\nMittwoch Geschlossen<br \/>\nDonnerstag 10.00-12.00 13.00-17.00<br \/>\nFreitag 10.00-12.00 13.00-17.00<br \/>\nSamstag 10.00-12.00 13.00-17.00<br \/>\nSonntag 10.00-12.00 13.00-17.00<\/p>\n<p>Tel.: 043 818 51 20<br \/>\nFax: 043 818 51 20<br \/>\nEmail: info@kosmetikschule-zuerich.ch<br \/>\n<strong>Telefonisch<\/strong> erreichen Sie uns <strong>jeweils dienstags<\/strong> unter <strong>+41 (0)43 818 51 20<\/strong>.<\/p>\n<p>Wegbeschreibung<br \/>\nDirekt ab Bahnhof Z\u00fcrich &#171;Stadelhofen&#187; mit Tram Nr. 2 bis<br \/>\nHaltest. &#171;Lindenplatz&#187; (ca 17 min)<\/p>\n<\/div>\n<div class=\"div30\"><strong>Lageplan<\/strong><br \/>\nWir freuen uns, Sie in unseren neuen R\u00e4umlichkeiten begr\u00fcssen zu d\u00fcrfen.<iframe loading=\"lazy\" src=\"https:\/\/www.google.com\/maps\/embed?pb=!1m18!1m12!1m3!1d2701.367139546695!2d8.482652215880597!3d47.385269079170676!2m3!1f0!2f0!3f0!3m2!1i1024!2i768!4f13.1!3m3!1m2!1s0x47900bc5f940a1fb%3A0xc46b7f0e1dce4f4a!2sAltstetterstrasse%20186%2C%208048%20Z%C3%BCrich%2C%20Schweiz!5e0!3m2!1sde!2sde!4v1585816248377!5m2!1sde!2sde\" width=\"100%\" height=\"350\" frameborder=\"0\" marginwidth=\"0\" marginheight=\"0\" scrolling=\"no\"><\/iframe><small><a style=\"color: #0000ff; text-align: left;\" href=\"https:\/\/www.google.ch\/maps\/place\/Altstetterstrasse+186,+8048+Z%C3%BCrich,+Schweiz\/@47.3852691,8.4826522,17z\/data=!3m1!4b1!4m5!3m4!1s0x47900bc5f940a1fb:0xc46b7f0e1dce4f4a!8m2!3d47.3852691!4d8.4848409\">Gr\u00f6\u00dfere Kartenansicht<\/a><\/small><\/div>\n<div class=\"div30\"><strong>Beauty Academy<\/strong><br \/>\nTitlisstrasse 4<br \/>\n9500 Wil (SG)<\/div>\n<div class=\"div30\">Sie k\u00f6nnen uns telefonisch erreichen von<br \/>\nDonnerstag bis Sonntag ab 10.00 bis 12.00 und<br \/>\n13.00 bis 17.00 Uhr unter<br \/>\nTel.: 043 818 51 20<br \/>\nFax: 043 818 51 20<br \/>\nEmail: info@kosmetikschule-zuerich.ch<br \/>\nwww.kosmetikschule-sanktgallen.ch<\/div>\n<div class=\"div30\"><strong>Lageplan<\/strong><br \/>\nWir freuen uns, Sie in unseren neuen R\u00e4umlichkeiten begr\u00fcssen zu d\u00fcrfen.<iframe loading=\"lazy\" src=\"https:\/\/www.google.com\/maps\/embed?pb=!1m18!1m12!1m3!1d2697.5050909535485!2d9.041980115882813!3d47.460585979175335!2m3!1f0!2f0!3f0!3m2!1i1024!2i768!4f13.1!3m3!1m2!1s0x479aebc48633eecf%3A0x6aa30577bb82ed7e!2sTitlisstrasse%204%2C%209500%20Wil%2C%20Schweiz!5e0!3m2!1sde!2sde!4v1585816064289!5m2!1sde!2sde\" width=\"100%\" height=\"350\" frameborder=\"0\" marginwidth=\"0\" marginheight=\"0\" scrolling=\"no\"><\/iframe><br \/>\n<small><a style=\"color: #0000ff; text-align: left;\" href=\"https:\/\/www.google.ch\/maps\/place\/Titlisstrasse+4,+9500+Wil,+Schweiz\/@47.460586,9.0419801,17z\/data=!3m1!4b1!4m8!1m2!2m1!1sTitlisstrasse+4!3m4!1s0x479aebc48633eecf:0x6aa30577bb82ed7e!8m2!3d47.460586!4d9.0441688\">Gr\u00f6\u00dfere Kartenansicht<\/a><\/small><\/div>\n<div class=\"div30\"><strong>Beauty Academy<\/strong><br \/>\nChutzenstrasse 70<br \/>\n3007 Bern<br \/>\n<iframe loading=\"lazy\" style=\"border: 0;\" src=\"https:\/\/www.google.com\/maps\/embed?pb=!1m0!3m2!1sde!2s!4v1484757558512!6m8!1m7!1saCp1kE4rUlgAAAQvxTS1mA!2m2!1d46.93906818464309!2d7.399316306109768!3f338.4600760456274!4f0.6749049429657816!5f0.4000000000000002\" width=\"100%\" height=\"350\" frameborder=\"0\" allowfullscreen=\"allowfullscreen\"><\/iframe><\/div>\n<div class=\"div30\">Email: info@bern-kosmetikschule.ch<br \/>\nwww.bern-kosmetikschule.ch<\/div>\n<div class=\"div30\"><strong>Lageplan<\/strong><br \/>\nWir freuen uns, Sie in unseren neuen R\u00e4umlichkeiten begr\u00fcssen zu d\u00fcrfen.<br \/>\n<iframe loading=\"lazy\" style=\"border: 0;\" src=\"https:\/\/www.google.com\/maps\/embed?pb=!1m18!1m12!1m3!1d2724.4295575290735!2d7.431270115867213!3d46.933595979145885!2m3!1f0!2f0!3f0!3m2!1i1024!2i768!4f13.1!3m3!1m2!1s0x478e384b4f1df8e5%3A0x60111c6ea19bffec!2sChutzenstrasse%2070%2C%203007%20Bern%2C%20Schweiz!5e0!3m2!1sde!2sde!4v1585816164079!5m2!1sde!2sde\" width=\"100%\" height=\"350\" frameborder=\"0\" allowfullscreen=\"allowfullscreen\"><\/iframe><\/div>\n<h2 style=\"clear: both; padding-top: 30px;\">Wo\/wann erreichen Sie unsere Kosmetikschule in St. Gallen, Z\u00fcrich und Bern?<\/h2>\n<p>Unser Hauptsitz liegt in der Altstetterstr. 186 in 8048 Z\u00fcrich und somit unweit des Stadtgebietes von Z\u00fcrich. Sollten Sie hierhin mit den \u00f6ffentlichen Verkehrsmitteln reisen, empfehlen wir Ihnen, ab dem Bahnhof &#171;Stadelhofen&#187; die Tram mit der Nummer 2 bis zur Haltestelle &#171;Lindenplatz&#187; zu nehmen. Selbstverst\u00e4ndlich stehen wir Ihnen aber bei Fragen auch telefonisch zur Verf\u00fcgung. Montags, donnerstags, freitags, samstags und sonntags erreichen Sie uns von 10.00-12.00 Uhr sowie von 13.00-17.00 Uhr, w\u00e4hrend wir dienstags und mittwochs keine Gespr\u00e4chszeiten anbieten. Falls Sie sich dazu entschliessen, uns eine E-Mail zu schreiben, beantworten wir diese so schnell es geht im Rahmen unserer Gesch\u00e4ftszeiten.<\/p>\n<p>Der genaue Standort der Kosmetikschule im Kanton St. Gallen liegt zwischen den St\u00e4dten St. Gallen und Winterthur in der Titlisstrasse 4 in 9500 Wil (SG). Hier k\u00f6nnen Sie uns telefonisch zu den eben genannten Zeiten kontaktieren, allerdings nur von donnerstags bis sonntags. In Bern befindet sich unser Ausbildungszentrum wieder etwas stadtzentraler in der Chutzenstrasse 70 (3007 Bern). Dort bitten wir Sie, sich ausschliesslich per E-Mail an uns zu wenden. Gerne helfen Ihnen die Kollegen der anderen Standorte aber auch zu ihren Gesch\u00e4ftszeiten telefonisch weiter. Ob Sie Ihre <a title=\"Kosmetikausbildung St. Gallen\" href=\"https:\/\/www.kosmetikschule-zuerich.ch\/index.php\/courses\/medizinische-kosmetik-ausbildung\/\">Kosmetikausbildung in St. Gallen<\/a>, Z\u00fcrich oder Bern absolvieren m\u00f6chten \u2013 wir freuen uns in jedem Fall auf Sie und Ihr Interesse!<\/p>\n<div style=\"clear: both;\"><\/div>\n","protected":false},"excerpt":{"rendered":"<p>Ihre Kosmetikschule in den Kantonen Z\u00fcrich, St. Gallen und Bern Wenn Sie Interesse an einer Fachausbildung oder Weiterbildung in unserer Kosmetikschule haben, freuen wir uns, Sie in St. Gallen, Z\u00fcrich und Bern willkommen zu heissen. Damit Sie uns dort auch erreichen \u2013 sei es pers\u00f6nlich vor Ort oder telefonisch bzw. per E-Mail \u2013 m\u00f6chten wir &hellip; <a href=\"https:\/\/www.kosmetikschule-zuerich.ch\/index.php\/lageplan\/\" class=\"more-link\">Continue reading<span class=\"screen-reader-text\"> &#171;Lageplan&#187;<\/span><\/a><\/p>\n","protected":false},"author":1,"featured_media":0,"parent":0,"menu_order":0,"comment_status":"closed","ping_status":"closed","template":"","meta":{"footnotes":""},"class_list":["post-9","page","type-page","status-publish","hentry"],"yoast_head":"<!-- This site is optimized with the Yoast SEO plugin v27.4 - https:\/\/yoast.com\/product\/yoast-seo-wordpress\/ -->\n<title>Ihre Kosmetikschule mit Standorten in Z\u00fcrich, St. Gallen und Bern<\/title>\n<meta name=\"description\" content=\"Sie m\u00f6chten als Kosmetiker\/in arbeiten oder sich weiterbilden? Unsere Kosmetikschule finden Sie \u00fcber Z\u00fcrich hinaus auch in St. Gallen und Bern!\" \/>\n<meta name=\"robots\" content=\"index, follow, max-snippet:-1, max-image-preview:large, max-video-preview:-1\" \/>\n<link rel=\"canonical\" href=\"https:\/\/www.kosmetikschule-zuerich.ch\/index.php\/lageplan\/\" \/>\n<meta property=\"og:locale\" content=\"de_DE\" \/>\n<meta property=\"og:type\" content=\"article\" \/>\n<meta property=\"og:title\" content=\"Ihre Kosmetikschule mit Standorten in Z\u00fcrich, St. Gallen und Bern\" \/>\n<meta property=\"og:description\" content=\"Sie m\u00f6chten als Kosmetiker\/in arbeiten oder sich weiterbilden? Unsere Kosmetikschule finden Sie \u00fcber Z\u00fcrich hinaus auch in St. Gallen und Bern!\" \/>\n<meta property=\"og:url\" content=\"https:\/\/www.kosmetikschule-zuerich.ch\/index.php\/lageplan\/\" \/>\n<meta property=\"og:site_name\" content=\"Kosmetik Fachschule Bern, Z\u00fcrich, Wil\" \/>\n<meta property=\"article:modified_time\" content=\"2025-05-12T16:56:22+00:00\" \/>\n<meta name=\"twitter:card\" content=\"summary_large_image\" \/>\n<meta name=\"twitter:label1\" content=\"Gesch\u00e4tzte Lesezeit\" \/>\n\t<meta name=\"twitter:data1\" content=\"4\u00a0Minuten\" \/>\n<script type=\"application\/ld+json\" class=\"yoast-schema-graph\">{\"@context\":\"https:\\\/\\\/schema.org\",\"@graph\":[{\"@type\":\"WebPage\",\"@id\":\"https:\\\/\\\/www.kosmetikschule-zuerich.ch\\\/index.php\\\/lageplan\\\/\",\"url\":\"https:\\\/\\\/www.kosmetikschule-zuerich.ch\\\/index.php\\\/lageplan\\\/\",\"name\":\"Ihre Kosmetikschule mit Standorten in Z\u00fcrich, St. Gallen und Bern\",\"isPartOf\":{\"@id\":\"https:\\\/\\\/www.kosmetikschule-zuerich.ch\\\/#website\"},\"datePublished\":\"2016-09-28T09:15:57+00:00\",\"dateModified\":\"2025-05-12T16:56:22+00:00\",\"description\":\"Sie m\u00f6chten als Kosmetiker\\\/in arbeiten oder sich weiterbilden? Unsere Kosmetikschule finden Sie \u00fcber Z\u00fcrich hinaus auch in St. Gallen und Bern!\",\"breadcrumb\":{\"@id\":\"https:\\\/\\\/www.kosmetikschule-zuerich.ch\\\/index.php\\\/lageplan\\\/#breadcrumb\"},\"inLanguage\":\"de-CH\",\"potentialAction\":[{\"@type\":\"ReadAction\",\"target\":[\"https:\\\/\\\/www.kosmetikschule-zuerich.ch\\\/index.php\\\/lageplan\\\/\"]}]},{\"@type\":\"BreadcrumbList\",\"@id\":\"https:\\\/\\\/www.kosmetikschule-zuerich.ch\\\/index.php\\\/lageplan\\\/#breadcrumb\",\"itemListElement\":[{\"@type\":\"ListItem\",\"position\":1,\"name\":\"Startseite\",\"item\":\"https:\\\/\\\/www.kosmetikschule-zuerich.ch\\\/\"},{\"@type\":\"ListItem\",\"position\":2,\"name\":\"Lageplan\"}]},{\"@type\":\"WebSite\",\"@id\":\"https:\\\/\\\/www.kosmetikschule-zuerich.ch\\\/#website\",\"url\":\"https:\\\/\\\/www.kosmetikschule-zuerich.ch\\\/\",\"name\":\"Kosmetik Fachschule Bern, Z\u00fcrich, Wil\",\"description\":\"Kosmetikausbildung in Bern, Z\u00fcrich, Wil ab CHF 3490.-\",\"potentialAction\":[{\"@type\":\"SearchAction\",\"target\":{\"@type\":\"EntryPoint\",\"urlTemplate\":\"https:\\\/\\\/www.kosmetikschule-zuerich.ch\\\/?s={search_term_string}\"},\"query-input\":{\"@type\":\"PropertyValueSpecification\",\"valueRequired\":true,\"valueName\":\"search_term_string\"}}],\"inLanguage\":\"de-CH\"}]}<\/script>\n<!-- \/ Yoast SEO plugin. -->","yoast_head_json":{"title":"Ihre Kosmetikschule mit Standorten in Z\u00fcrich, St. Gallen und Bern","description":"Sie m\u00f6chten als Kosmetiker\/in arbeiten oder sich weiterbilden? Unsere Kosmetikschule finden Sie \u00fcber Z\u00fcrich hinaus auch in St. Gallen und Bern!","robots":{"index":"index","follow":"follow","max-snippet":"max-snippet:-1","max-image-preview":"max-image-preview:large","max-video-preview":"max-video-preview:-1"},"canonical":"https:\/\/www.kosmetikschule-zuerich.ch\/index.php\/lageplan\/","og_locale":"de_DE","og_type":"article","og_title":"Ihre Kosmetikschule mit Standorten in Z\u00fcrich, St. Gallen und Bern","og_description":"Sie m\u00f6chten als Kosmetiker\/in arbeiten oder sich weiterbilden? Unsere Kosmetikschule finden Sie \u00fcber Z\u00fcrich hinaus auch in St. Gallen und Bern!","og_url":"https:\/\/www.kosmetikschule-zuerich.ch\/index.php\/lageplan\/","og_site_name":"Kosmetik Fachschule Bern, Z\u00fcrich, Wil","article_modified_time":"2025-05-12T16:56:22+00:00","twitter_card":"summary_large_image","twitter_misc":{"Gesch\u00e4tzte Lesezeit":"4\u00a0Minuten"},"schema":{"@context":"https:\/\/schema.org","@graph":[{"@type":"WebPage","@id":"https:\/\/www.kosmetikschule-zuerich.ch\/index.php\/lageplan\/","url":"https:\/\/www.kosmetikschule-zuerich.ch\/index.php\/lageplan\/","name":"Ihre Kosmetikschule mit Standorten in Z\u00fcrich, St. Gallen und Bern","isPartOf":{"@id":"https:\/\/www.kosmetikschule-zuerich.ch\/#website"},"datePublished":"2016-09-28T09:15:57+00:00","dateModified":"2025-05-12T16:56:22+00:00","description":"Sie m\u00f6chten als Kosmetiker\/in arbeiten oder sich weiterbilden? Unsere Kosmetikschule finden Sie \u00fcber Z\u00fcrich hinaus auch in St. Gallen und Bern!","breadcrumb":{"@id":"https:\/\/www.kosmetikschule-zuerich.ch\/index.php\/lageplan\/#breadcrumb"},"inLanguage":"de-CH","potentialAction":[{"@type":"ReadAction","target":["https:\/\/www.kosmetikschule-zuerich.ch\/index.php\/lageplan\/"]}]},{"@type":"BreadcrumbList","@id":"https:\/\/www.kosmetikschule-zuerich.ch\/index.php\/lageplan\/#breadcrumb","itemListElement":[{"@type":"ListItem","position":1,"name":"Startseite","item":"https:\/\/www.kosmetikschule-zuerich.ch\/"},{"@type":"ListItem","position":2,"name":"Lageplan"}]},{"@type":"WebSite","@id":"https:\/\/www.kosmetikschule-zuerich.ch\/#website","url":"https:\/\/www.kosmetikschule-zuerich.ch\/","name":"Kosmetik Fachschule Bern, Z\u00fcrich, Wil","description":"Kosmetikausbildung in Bern, Z\u00fcrich, Wil ab CHF 3490.-","potentialAction":[{"@type":"SearchAction","target":{"@type":"EntryPoint","urlTemplate":"https:\/\/www.kosmetikschule-zuerich.ch\/?s={search_term_string}"},"query-input":{"@type":"PropertyValueSpecification","valueRequired":true,"valueName":"search_term_string"}}],"inLanguage":"de-CH"}]}},"_links":{"self":[{"href":"https:\/\/www.kosmetikschule-zuerich.ch\/index.php\/wp-json\/wp\/v2\/pages\/9","targetHints":{"allow":["GET"]}}],"collection":[{"href":"https:\/\/www.kosmetikschule-zuerich.ch\/index.php\/wp-json\/wp\/v2\/pages"}],"about":[{"href":"https:\/\/www.kosmetikschule-zuerich.ch\/index.php\/wp-json\/wp\/v2\/types\/page"}],"author":[{"embeddable":true,"href":"https:\/\/www.kosmetikschule-zuerich.ch\/index.php\/wp-json\/wp\/v2\/users\/1"}],"replies":[{"embeddable":true,"href":"https:\/\/www.kosmetikschule-zuerich.ch\/index.php\/wp-json\/wp\/v2\/comments?post=9"}],"version-history":[{"count":11,"href":"https:\/\/www.kosmetikschule-zuerich.ch\/index.php\/wp-json\/wp\/v2\/pages\/9\/revisions"}],"predecessor-version":[{"id":798,"href":"https:\/\/www.kosmetikschule-zuerich.ch\/index.php\/wp-json\/wp\/v2\/pages\/9\/revisions\/798"}],"wp:attachment":[{"href":"https:\/\/www.kosmetikschule-zuerich.ch\/index.php\/wp-json\/wp\/v2\/media?parent=9"}],"curies":[{"name":"wp","href":"https:\/\/api.w.org\/{rel}","templated":true}]}}