{"id":203,"date":"2016-11-24T17:33:35","date_gmt":"2016-11-24T17:33:35","guid":{"rendered":"https:\/\/www.kosmetikschule-zuerich.ch\/?page_id=203"},"modified":"2016-11-24T17:33:35","modified_gmt":"2016-11-24T17:33:35","slug":"kosmetische-ausbildung-im-ausland-diplompruefung-ch","status":"publish","type":"page","link":"https:\/\/www.kosmetikschule-zuerich.ch\/index.php\/kosmetische-ausbildung-im-ausland-diplompruefung-ch\/","title":{"rendered":"Kosmetische Ausbildung im Ausland &#8211; Diplompr\u00fcfung in CH"},"content":{"rendered":"<p>Kosmetikerin mit Diplom der Beauty Academy.<br \/>\nSie haben die M\u00f6glichkeit die Pr\u00fcfung zur Kosmetikerin mit Beauty Academy Diplom zu absolvieren.<\/p>\n<p><strong>DIPLOMABSCHLUSS <\/strong>   <\/p>\n<p>Mit dem erfolgreichen Abschluss erhalten Sie das Diplom BEAUTY ACADEMY. Damit sind Sie bestens qualifiziert ein eigenes Institut zu f\u00fchren oder f\u00fcr eine Anstellung im kosmetischen Bereich.    <\/p>\n<p>Nach bestandener Abschlusspr\u00fcfung erhalten Sie das Diplom der Kosmetikfachschule BEAUTY ACADEMY, welches Sie als Diplom-Kosmetikerin, ausgebildet an unserer Fachschule, ausweist. Mit diesem Diplom haben Sie die M\u00f6glichkeit, sich selbstst\u00e4ndig zu machen mit einem eigenen Gesch\u00e4ft oder als Angestellte in einem Kosmetikunternehmen (Kosmetikerin, Au\u00dfendienstmitarbeiterin,  Reisekosmetikerin,    Verkaufsberaterin,  Promotionsdame  etc.)  t\u00e4tig  zu  sein.  <\/p>\n<p>Mit dem Diplom der Kosmetikfachschule Beauty Academy haben Sie zudem die M\u00f6glichkeit, den eidgen\u00f6ssischen Lehrabschluss auf dem zweiten Bildungsweg nachzuholen. Zur Pr\u00fcfung wird zugelassen, wer zum Zeitpunkt der Pr\u00fcfung eine berufliche Erfahrung von mindestens 5 Jahren, davon mindestens 3 Jahre berufliche Praxis im T\u00e4tigkeitsfeld der Kosmetikerin EFZ, vorweisen kann.<\/p>\n<div style=\"height:30px;\"><\/div>\n","protected":false},"excerpt":{"rendered":"<p>Kosmetikerin mit Diplom der Beauty Academy. Sie haben die M\u00f6glichkeit die Pr\u00fcfung zur Kosmetikerin mit Beauty Academy Diplom zu absolvieren. DIPLOMABSCHLUSS Mit dem erfolgreichen Abschluss erhalten Sie das Diplom BEAUTY ACADEMY. Damit sind Sie bestens qualifiziert ein eigenes Institut zu f\u00fchren oder f\u00fcr eine Anstellung im kosmetischen Bereich. Nach bestandener Abschlusspr\u00fcfung erhalten Sie das Diplom &hellip; <a href=\"https:\/\/www.kosmetikschule-zuerich.ch\/index.php\/kosmetische-ausbildung-im-ausland-diplompruefung-ch\/\" class=\"more-link\">Continue reading<span class=\"screen-reader-text\"> &#171;Kosmetische Ausbildung im Ausland &#8211; Diplompr\u00fcfung in CH&#187;<\/span><\/a><\/p>\n","protected":false},"author":1,"featured_media":0,"parent":0,"menu_order":0,"comment_status":"closed","ping_status":"closed","template":"","meta":{"footnotes":""},"class_list":["post-203","page","type-page","status-publish","hentry"],"yoast_head":"<!-- This site is optimized with the Yoast SEO plugin v27.3 - https:\/\/yoast.com\/product\/yoast-seo-wordpress\/ -->\n<title>Kosmetische Ausbildung im Ausland - Diplompr\u00fcfung in CH - Kosmetik Fachschule Bern, Z\u00fcrich, Wil<\/title>\n<meta name=\"robots\" content=\"index, follow, max-snippet:-1, max-image-preview:large, max-video-preview:-1\" \/>\n<link rel=\"canonical\" href=\"https:\/\/www.kosmetikschule-zuerich.ch\/index.php\/kosmetische-ausbildung-im-ausland-diplompruefung-ch\/\" \/>\n<meta property=\"og:locale\" content=\"de_DE\" \/>\n<meta property=\"og:type\" content=\"article\" \/>\n<meta property=\"og:title\" content=\"Kosmetische Ausbildung im Ausland - Diplompr\u00fcfung in CH - Kosmetik Fachschule Bern, Z\u00fcrich, Wil\" \/>\n<meta property=\"og:description\" content=\"Kosmetikerin mit Diplom der Beauty Academy. Sie haben die M\u00f6glichkeit die Pr\u00fcfung zur Kosmetikerin mit Beauty Academy Diplom zu absolvieren. DIPLOMABSCHLUSS Mit dem erfolgreichen Abschluss erhalten Sie das Diplom BEAUTY ACADEMY. Damit sind Sie bestens qualifiziert ein eigenes Institut zu f\u00fchren oder f\u00fcr eine Anstellung im kosmetischen Bereich. Nach bestandener Abschlusspr\u00fcfung erhalten Sie das Diplom &hellip; Continue reading &quot;Kosmetische Ausbildung im Ausland &#8211; Diplompr\u00fcfung in CH&quot;\" \/>\n<meta property=\"og:url\" content=\"https:\/\/www.kosmetikschule-zuerich.ch\/index.php\/kosmetische-ausbildung-im-ausland-diplompruefung-ch\/\" \/>\n<meta property=\"og:site_name\" content=\"Kosmetik Fachschule Bern, Z\u00fcrich, Wil\" \/>\n<meta name=\"twitter:card\" content=\"summary_large_image\" \/>\n<meta name=\"twitter:label1\" content=\"Gesch\u00e4tzte Lesezeit\" \/>\n\t<meta name=\"twitter:data1\" content=\"1\u00a0Minute\" \/>\n<script type=\"application\/ld+json\" class=\"yoast-schema-graph\">{\"@context\":\"https:\\\/\\\/schema.org\",\"@graph\":[{\"@type\":\"WebPage\",\"@id\":\"https:\\\/\\\/www.kosmetikschule-zuerich.ch\\\/index.php\\\/kosmetische-ausbildung-im-ausland-diplompruefung-ch\\\/\",\"url\":\"https:\\\/\\\/www.kosmetikschule-zuerich.ch\\\/index.php\\\/kosmetische-ausbildung-im-ausland-diplompruefung-ch\\\/\",\"name\":\"Kosmetische Ausbildung im Ausland - Diplompr\u00fcfung in CH - Kosmetik Fachschule Bern, Z\u00fcrich, Wil\",\"isPartOf\":{\"@id\":\"https:\\\/\\\/www.kosmetikschule-zuerich.ch\\\/#website\"},\"datePublished\":\"2016-11-24T17:33:35+00:00\",\"breadcrumb\":{\"@id\":\"https:\\\/\\\/www.kosmetikschule-zuerich.ch\\\/index.php\\\/kosmetische-ausbildung-im-ausland-diplompruefung-ch\\\/#breadcrumb\"},\"inLanguage\":\"de-CH\",\"potentialAction\":[{\"@type\":\"ReadAction\",\"target\":[\"https:\\\/\\\/www.kosmetikschule-zuerich.ch\\\/index.php\\\/kosmetische-ausbildung-im-ausland-diplompruefung-ch\\\/\"]}]},{\"@type\":\"BreadcrumbList\",\"@id\":\"https:\\\/\\\/www.kosmetikschule-zuerich.ch\\\/index.php\\\/kosmetische-ausbildung-im-ausland-diplompruefung-ch\\\/#breadcrumb\",\"itemListElement\":[{\"@type\":\"ListItem\",\"position\":1,\"name\":\"Startseite\",\"item\":\"https:\\\/\\\/www.kosmetikschule-zuerich.ch\\\/\"},{\"@type\":\"ListItem\",\"position\":2,\"name\":\"Kosmetische Ausbildung im Ausland &#8211; Diplompr\u00fcfung in CH\"}]},{\"@type\":\"WebSite\",\"@id\":\"https:\\\/\\\/www.kosmetikschule-zuerich.ch\\\/#website\",\"url\":\"https:\\\/\\\/www.kosmetikschule-zuerich.ch\\\/\",\"name\":\"Kosmetik Fachschule Bern, Z\u00fcrich, Wil\",\"description\":\"Kosmetikausbildung in Bern, Z\u00fcrich, Wil ab CHF 3490.-\",\"potentialAction\":[{\"@type\":\"SearchAction\",\"target\":{\"@type\":\"EntryPoint\",\"urlTemplate\":\"https:\\\/\\\/www.kosmetikschule-zuerich.ch\\\/?s={search_term_string}\"},\"query-input\":{\"@type\":\"PropertyValueSpecification\",\"valueRequired\":true,\"valueName\":\"search_term_string\"}}],\"inLanguage\":\"de-CH\"}]}<\/script>\n<!-- \/ Yoast SEO plugin. -->","yoast_head_json":{"title":"Kosmetische Ausbildung im Ausland - Diplompr\u00fcfung in CH - Kosmetik Fachschule Bern, Z\u00fcrich, Wil","robots":{"index":"index","follow":"follow","max-snippet":"max-snippet:-1","max-image-preview":"max-image-preview:large","max-video-preview":"max-video-preview:-1"},"canonical":"https:\/\/www.kosmetikschule-zuerich.ch\/index.php\/kosmetische-ausbildung-im-ausland-diplompruefung-ch\/","og_locale":"de_DE","og_type":"article","og_title":"Kosmetische Ausbildung im Ausland - Diplompr\u00fcfung in CH - Kosmetik Fachschule Bern, Z\u00fcrich, Wil","og_description":"Kosmetikerin mit Diplom der Beauty Academy. Sie haben die M\u00f6glichkeit die Pr\u00fcfung zur Kosmetikerin mit Beauty Academy Diplom zu absolvieren. DIPLOMABSCHLUSS Mit dem erfolgreichen Abschluss erhalten Sie das Diplom BEAUTY ACADEMY. Damit sind Sie bestens qualifiziert ein eigenes Institut zu f\u00fchren oder f\u00fcr eine Anstellung im kosmetischen Bereich. Nach bestandener Abschlusspr\u00fcfung erhalten Sie das Diplom &hellip; Continue reading \"Kosmetische Ausbildung im Ausland &#8211; Diplompr\u00fcfung in CH\"","og_url":"https:\/\/www.kosmetikschule-zuerich.ch\/index.php\/kosmetische-ausbildung-im-ausland-diplompruefung-ch\/","og_site_name":"Kosmetik Fachschule Bern, Z\u00fcrich, Wil","twitter_card":"summary_large_image","twitter_misc":{"Gesch\u00e4tzte Lesezeit":"1\u00a0Minute"},"schema":{"@context":"https:\/\/schema.org","@graph":[{"@type":"WebPage","@id":"https:\/\/www.kosmetikschule-zuerich.ch\/index.php\/kosmetische-ausbildung-im-ausland-diplompruefung-ch\/","url":"https:\/\/www.kosmetikschule-zuerich.ch\/index.php\/kosmetische-ausbildung-im-ausland-diplompruefung-ch\/","name":"Kosmetische Ausbildung im Ausland - Diplompr\u00fcfung in CH - Kosmetik Fachschule Bern, Z\u00fcrich, Wil","isPartOf":{"@id":"https:\/\/www.kosmetikschule-zuerich.ch\/#website"},"datePublished":"2016-11-24T17:33:35+00:00","breadcrumb":{"@id":"https:\/\/www.kosmetikschule-zuerich.ch\/index.php\/kosmetische-ausbildung-im-ausland-diplompruefung-ch\/#breadcrumb"},"inLanguage":"de-CH","potentialAction":[{"@type":"ReadAction","target":["https:\/\/www.kosmetikschule-zuerich.ch\/index.php\/kosmetische-ausbildung-im-ausland-diplompruefung-ch\/"]}]},{"@type":"BreadcrumbList","@id":"https:\/\/www.kosmetikschule-zuerich.ch\/index.php\/kosmetische-ausbildung-im-ausland-diplompruefung-ch\/#breadcrumb","itemListElement":[{"@type":"ListItem","position":1,"name":"Startseite","item":"https:\/\/www.kosmetikschule-zuerich.ch\/"},{"@type":"ListItem","position":2,"name":"Kosmetische Ausbildung im Ausland &#8211; Diplompr\u00fcfung in CH"}]},{"@type":"WebSite","@id":"https:\/\/www.kosmetikschule-zuerich.ch\/#website","url":"https:\/\/www.kosmetikschule-zuerich.ch\/","name":"Kosmetik Fachschule Bern, Z\u00fcrich, Wil","description":"Kosmetikausbildung in Bern, Z\u00fcrich, Wil ab CHF 3490.-","potentialAction":[{"@type":"SearchAction","target":{"@type":"EntryPoint","urlTemplate":"https:\/\/www.kosmetikschule-zuerich.ch\/?s={search_term_string}"},"query-input":{"@type":"PropertyValueSpecification","valueRequired":true,"valueName":"search_term_string"}}],"inLanguage":"de-CH"}]}},"_links":{"self":[{"href":"https:\/\/www.kosmetikschule-zuerich.ch\/index.php\/wp-json\/wp\/v2\/pages\/203","targetHints":{"allow":["GET"]}}],"collection":[{"href":"https:\/\/www.kosmetikschule-zuerich.ch\/index.php\/wp-json\/wp\/v2\/pages"}],"about":[{"href":"https:\/\/www.kosmetikschule-zuerich.ch\/index.php\/wp-json\/wp\/v2\/types\/page"}],"author":[{"embeddable":true,"href":"https:\/\/www.kosmetikschule-zuerich.ch\/index.php\/wp-json\/wp\/v2\/users\/1"}],"replies":[{"embeddable":true,"href":"https:\/\/www.kosmetikschule-zuerich.ch\/index.php\/wp-json\/wp\/v2\/comments?post=203"}],"version-history":[{"count":1,"href":"https:\/\/www.kosmetikschule-zuerich.ch\/index.php\/wp-json\/wp\/v2\/pages\/203\/revisions"}],"predecessor-version":[{"id":204,"href":"https:\/\/www.kosmetikschule-zuerich.ch\/index.php\/wp-json\/wp\/v2\/pages\/203\/revisions\/204"}],"wp:attachment":[{"href":"https:\/\/www.kosmetikschule-zuerich.ch\/index.php\/wp-json\/wp\/v2\/media?parent=203"}],"curies":[{"name":"wp","href":"https:\/\/api.w.org\/{rel}","templated":true}]}}