{"id":199,"date":"2016-11-24T17:05:01","date_gmt":"2016-11-24T17:05:01","guid":{"rendered":"https:\/\/www.kosmetikschule-zuerich.ch\/?page_id=199"},"modified":"2026-03-20T19:54:37","modified_gmt":"2026-03-20T19:54:37","slug":"medizinische-kosmetikausbildung","status":"publish","type":"page","link":"https:\/\/www.kosmetikschule-zuerich.ch\/index.php\/medizinische-kosmetikausbildung\/","title":{"rendered":"Medizinische Kosmetikausbildung"},"content":{"rendered":"<p>Kosmetik Medical Beauty liegt im Trend und die Nachfrage nach hochwertigen \u00e4sthetischen Behandlungen steigt auch im Kosmetik-bereich an. Wir informieren Sie in diesem Kurs \u00fcber die aktuellen Verfahren der medizinischen \u00c4sthetik, vermitteln spezielle Kenntnisse in Bezug auf die kosmetische Vor- und Nachbehandlung bei diesen Verfahren und zeigen die M\u00f6glichkeiten der kooperativen Zusammenarbeit zwischen Medizinern und Kosmetikerinnen auf.<\/p>\n<p>Die Kurse zeichnen sich durch praxis-relevante, effiziente und innovative Behandlungsoptionen. Sie erlangen Know-How in der Hochleistungskosmetik an der Grenze zur Medizin. In der Medizinkosmetik wird die Behandlung zur Therapie, sie sind im Anschluss in der Lage Ihren Kunden ein einzigartiges Anti-Aging Programm anzubieten auch non-invasiv, schonend und schmerzfrei! Gleichzeitig liefern Sie gro\u00dfartige und effektive Resultate &#8211; zur selben Zeit, wirtschaftlich stark und gewinn-bringend f\u00fcr Ihr Institut. Durch den Erwerb dieser Kompetenzen und \u00fcberdurchschnittlicher Zusatzqualifikationen kann das Interesse gezielt an Ihrem Angebot geweckt und das Vertrauen der Kunden gewonnen werden. Optimale Voraussetzung f\u00fcr die langfristige Kundenbindung.<\/p>\n<div style=\"height: 30px;\"><\/div>\n","protected":false},"excerpt":{"rendered":"<p>Kosmetik Medical Beauty liegt im Trend und die Nachfrage nach hochwertigen \u00e4sthetischen Behandlungen steigt auch im Kosmetik-bereich an. Wir informieren Sie in diesem Kurs \u00fcber die aktuellen Verfahren der medizinischen \u00c4sthetik, vermitteln spezielle Kenntnisse in Bezug auf die kosmetische Vor- und Nachbehandlung bei diesen Verfahren und zeigen die M\u00f6glichkeiten der kooperativen Zusammenarbeit zwischen Medizinern und &hellip; <a href=\"https:\/\/www.kosmetikschule-zuerich.ch\/index.php\/medizinische-kosmetikausbildung\/\" class=\"more-link\">Continue reading<span class=\"screen-reader-text\"> &#171;Medizinische Kosmetikausbildung&#187;<\/span><\/a><\/p>\n","protected":false},"author":1,"featured_media":0,"parent":0,"menu_order":0,"comment_status":"closed","ping_status":"closed","template":"","meta":{"footnotes":""},"class_list":["post-199","page","type-page","status-publish","hentry"],"yoast_head":"<!-- This site is optimized with the Yoast SEO plugin v27.4 - https:\/\/yoast.com\/product\/yoast-seo-wordpress\/ -->\n<title>Medizinische Kosmetikausbildung - Kosmetik Fachschule Bern, Z\u00fcrich, Wil<\/title>\n<meta name=\"robots\" content=\"index, follow, max-snippet:-1, max-image-preview:large, max-video-preview:-1\" \/>\n<link rel=\"canonical\" href=\"https:\/\/www.kosmetikschule-zuerich.ch\/index.php\/medizinische-kosmetikausbildung\/\" \/>\n<meta property=\"og:locale\" content=\"de_DE\" \/>\n<meta property=\"og:type\" content=\"article\" \/>\n<meta property=\"og:title\" content=\"Medizinische Kosmetikausbildung - Kosmetik Fachschule Bern, Z\u00fcrich, Wil\" \/>\n<meta property=\"og:description\" content=\"Kosmetik Medical Beauty liegt im Trend und die Nachfrage nach hochwertigen \u00e4sthetischen Behandlungen steigt auch im Kosmetik-bereich an. Wir informieren Sie in diesem Kurs \u00fcber die aktuellen Verfahren der medizinischen \u00c4sthetik, vermitteln spezielle Kenntnisse in Bezug auf die kosmetische Vor- und Nachbehandlung bei diesen Verfahren und zeigen die M\u00f6glichkeiten der kooperativen Zusammenarbeit zwischen Medizinern und &hellip; Continue reading &quot;Medizinische Kosmetikausbildung&quot;\" \/>\n<meta property=\"og:url\" content=\"https:\/\/www.kosmetikschule-zuerich.ch\/index.php\/medizinische-kosmetikausbildung\/\" \/>\n<meta property=\"og:site_name\" content=\"Kosmetik Fachschule Bern, Z\u00fcrich, Wil\" \/>\n<meta property=\"article:modified_time\" content=\"2026-03-20T19:54:37+00:00\" \/>\n<meta name=\"twitter:card\" content=\"summary_large_image\" \/>\n<meta name=\"twitter:label1\" content=\"Gesch\u00e4tzte Lesezeit\" \/>\n\t<meta name=\"twitter:data1\" content=\"1\u00a0Minute\" \/>\n<script type=\"application\/ld+json\" class=\"yoast-schema-graph\">{\"@context\":\"https:\\\/\\\/schema.org\",\"@graph\":[{\"@type\":\"WebPage\",\"@id\":\"https:\\\/\\\/www.kosmetikschule-zuerich.ch\\\/index.php\\\/medizinische-kosmetikausbildung\\\/\",\"url\":\"https:\\\/\\\/www.kosmetikschule-zuerich.ch\\\/index.php\\\/medizinische-kosmetikausbildung\\\/\",\"name\":\"Medizinische Kosmetikausbildung - Kosmetik Fachschule Bern, Z\u00fcrich, Wil\",\"isPartOf\":{\"@id\":\"https:\\\/\\\/www.kosmetikschule-zuerich.ch\\\/#website\"},\"datePublished\":\"2016-11-24T17:05:01+00:00\",\"dateModified\":\"2026-03-20T19:54:37+00:00\",\"breadcrumb\":{\"@id\":\"https:\\\/\\\/www.kosmetikschule-zuerich.ch\\\/index.php\\\/medizinische-kosmetikausbildung\\\/#breadcrumb\"},\"inLanguage\":\"de-CH\",\"potentialAction\":[{\"@type\":\"ReadAction\",\"target\":[\"https:\\\/\\\/www.kosmetikschule-zuerich.ch\\\/index.php\\\/medizinische-kosmetikausbildung\\\/\"]}]},{\"@type\":\"BreadcrumbList\",\"@id\":\"https:\\\/\\\/www.kosmetikschule-zuerich.ch\\\/index.php\\\/medizinische-kosmetikausbildung\\\/#breadcrumb\",\"itemListElement\":[{\"@type\":\"ListItem\",\"position\":1,\"name\":\"Startseite\",\"item\":\"https:\\\/\\\/www.kosmetikschule-zuerich.ch\\\/\"},{\"@type\":\"ListItem\",\"position\":2,\"name\":\"Medizinische Kosmetikausbildung\"}]},{\"@type\":\"WebSite\",\"@id\":\"https:\\\/\\\/www.kosmetikschule-zuerich.ch\\\/#website\",\"url\":\"https:\\\/\\\/www.kosmetikschule-zuerich.ch\\\/\",\"name\":\"Kosmetik Fachschule Bern, Z\u00fcrich, Wil\",\"description\":\"Kosmetikausbildung in Bern, Z\u00fcrich, Wil ab CHF 3490.-\",\"potentialAction\":[{\"@type\":\"SearchAction\",\"target\":{\"@type\":\"EntryPoint\",\"urlTemplate\":\"https:\\\/\\\/www.kosmetikschule-zuerich.ch\\\/?s={search_term_string}\"},\"query-input\":{\"@type\":\"PropertyValueSpecification\",\"valueRequired\":true,\"valueName\":\"search_term_string\"}}],\"inLanguage\":\"de-CH\"}]}<\/script>\n<!-- \/ Yoast SEO plugin. -->","yoast_head_json":{"title":"Medizinische Kosmetikausbildung - Kosmetik Fachschule Bern, Z\u00fcrich, Wil","robots":{"index":"index","follow":"follow","max-snippet":"max-snippet:-1","max-image-preview":"max-image-preview:large","max-video-preview":"max-video-preview:-1"},"canonical":"https:\/\/www.kosmetikschule-zuerich.ch\/index.php\/medizinische-kosmetikausbildung\/","og_locale":"de_DE","og_type":"article","og_title":"Medizinische Kosmetikausbildung - Kosmetik Fachschule Bern, Z\u00fcrich, Wil","og_description":"Kosmetik Medical Beauty liegt im Trend und die Nachfrage nach hochwertigen \u00e4sthetischen Behandlungen steigt auch im Kosmetik-bereich an. Wir informieren Sie in diesem Kurs \u00fcber die aktuellen Verfahren der medizinischen \u00c4sthetik, vermitteln spezielle Kenntnisse in Bezug auf die kosmetische Vor- und Nachbehandlung bei diesen Verfahren und zeigen die M\u00f6glichkeiten der kooperativen Zusammenarbeit zwischen Medizinern und &hellip; Continue reading \"Medizinische Kosmetikausbildung\"","og_url":"https:\/\/www.kosmetikschule-zuerich.ch\/index.php\/medizinische-kosmetikausbildung\/","og_site_name":"Kosmetik Fachschule Bern, Z\u00fcrich, Wil","article_modified_time":"2026-03-20T19:54:37+00:00","twitter_card":"summary_large_image","twitter_misc":{"Gesch\u00e4tzte Lesezeit":"1\u00a0Minute"},"schema":{"@context":"https:\/\/schema.org","@graph":[{"@type":"WebPage","@id":"https:\/\/www.kosmetikschule-zuerich.ch\/index.php\/medizinische-kosmetikausbildung\/","url":"https:\/\/www.kosmetikschule-zuerich.ch\/index.php\/medizinische-kosmetikausbildung\/","name":"Medizinische Kosmetikausbildung - Kosmetik Fachschule Bern, Z\u00fcrich, Wil","isPartOf":{"@id":"https:\/\/www.kosmetikschule-zuerich.ch\/#website"},"datePublished":"2016-11-24T17:05:01+00:00","dateModified":"2026-03-20T19:54:37+00:00","breadcrumb":{"@id":"https:\/\/www.kosmetikschule-zuerich.ch\/index.php\/medizinische-kosmetikausbildung\/#breadcrumb"},"inLanguage":"de-CH","potentialAction":[{"@type":"ReadAction","target":["https:\/\/www.kosmetikschule-zuerich.ch\/index.php\/medizinische-kosmetikausbildung\/"]}]},{"@type":"BreadcrumbList","@id":"https:\/\/www.kosmetikschule-zuerich.ch\/index.php\/medizinische-kosmetikausbildung\/#breadcrumb","itemListElement":[{"@type":"ListItem","position":1,"name":"Startseite","item":"https:\/\/www.kosmetikschule-zuerich.ch\/"},{"@type":"ListItem","position":2,"name":"Medizinische Kosmetikausbildung"}]},{"@type":"WebSite","@id":"https:\/\/www.kosmetikschule-zuerich.ch\/#website","url":"https:\/\/www.kosmetikschule-zuerich.ch\/","name":"Kosmetik Fachschule Bern, Z\u00fcrich, Wil","description":"Kosmetikausbildung in Bern, Z\u00fcrich, Wil ab CHF 3490.-","potentialAction":[{"@type":"SearchAction","target":{"@type":"EntryPoint","urlTemplate":"https:\/\/www.kosmetikschule-zuerich.ch\/?s={search_term_string}"},"query-input":{"@type":"PropertyValueSpecification","valueRequired":true,"valueName":"search_term_string"}}],"inLanguage":"de-CH"}]}},"_links":{"self":[{"href":"https:\/\/www.kosmetikschule-zuerich.ch\/index.php\/wp-json\/wp\/v2\/pages\/199","targetHints":{"allow":["GET"]}}],"collection":[{"href":"https:\/\/www.kosmetikschule-zuerich.ch\/index.php\/wp-json\/wp\/v2\/pages"}],"about":[{"href":"https:\/\/www.kosmetikschule-zuerich.ch\/index.php\/wp-json\/wp\/v2\/types\/page"}],"author":[{"embeddable":true,"href":"https:\/\/www.kosmetikschule-zuerich.ch\/index.php\/wp-json\/wp\/v2\/users\/1"}],"replies":[{"embeddable":true,"href":"https:\/\/www.kosmetikschule-zuerich.ch\/index.php\/wp-json\/wp\/v2\/comments?post=199"}],"version-history":[{"count":4,"href":"https:\/\/www.kosmetikschule-zuerich.ch\/index.php\/wp-json\/wp\/v2\/pages\/199\/revisions"}],"predecessor-version":[{"id":829,"href":"https:\/\/www.kosmetikschule-zuerich.ch\/index.php\/wp-json\/wp\/v2\/pages\/199\/revisions\/829"}],"wp:attachment":[{"href":"https:\/\/www.kosmetikschule-zuerich.ch\/index.php\/wp-json\/wp\/v2\/media?parent=199"}],"curies":[{"name":"wp","href":"https:\/\/api.w.org\/{rel}","templated":true}]}}